{"id":42290,"date":"2023-02-06T12:43:54","date_gmt":"2023-02-06T11:43:54","guid":{"rendered":"https:\/\/www.loisium.com\/langenlois\/tischreservierung\/"},"modified":"2025-10-21T08:36:08","modified_gmt":"2025-10-21T06:36:08","slug":"reservez-une-table","status":"publish","type":"page","link":"https:\/\/www.loisium.com\/fr\/langenlois\/reservez-une-table\/","title":{"rendered":"R\u00e9servez une table"},"content":{"rendered":"\t\t<div data-elementor-type=\"wp-page\" data-elementor-id=\"42290\" class=\"elementor elementor-42290 elementor-42237\" data-elementor-post-type=\"page\">\n\t\t\t\t\t\t<section class=\"elementor-section elementor-top-section elementor-element elementor-element-d921259 elementor-section-full_width elementor-section-height-default elementor-section-height-default\" data-id=\"d921259\" data-element_type=\"section\">\n\t\t\t\t\t\t<div class=\"elementor-container elementor-column-gap-default\">\n\t\t\t\t\t<div class=\"elementor-column elementor-col-100 elementor-top-column elementor-element elementor-element-531f0d1\" data-id=\"531f0d1\" data-element_type=\"column\">\n\t\t\t<div class=\"elementor-widget-wrap elementor-element-populated\">\n\t\t\t\t\t\t<div class=\"elementor-element elementor-element-5b75578 elementor-widget elementor-widget-spacer\" data-id=\"5b75578\" data-element_type=\"widget\" data-widget_type=\"spacer.default\">\n\t\t\t\t<div class=\"elementor-widget-container\">\n\t\t\t\t\t\t\t<div class=\"elementor-spacer\">\n\t\t\t<div class=\"elementor-spacer-inner\"><\/div>\n\t\t<\/div>\n\t\t\t\t\t\t<\/div>\n\t\t\t\t<\/div>\n\t\t\t\t<div class=\"elementor-element elementor-element-2ab4480 elementor-widget elementor-widget-headline-introtext\" data-id=\"2ab4480\" data-element_type=\"widget\" data-widget_type=\"headline-introtext.default\">\n\t\t\t\t<div class=\"elementor-widget-container\">\n\t\t\t\t\t\n\t\t<div id=\"intro-14665\" class=\"container headline-introtext-widget py-3 my-4\" >\n\t\t\t<div class=\"row flex-column narrower-2 mx-auto\">\t\n\t\t\t\t<h2 class=\"urw-xl center md-5 mx-auto text-uppercase\">R\u00e9servez une table<\/h2><p class=\"title-bottom center playful-lg w-md-75 mx-auto text-uppercase\">RESTAURANT VINEYARD<\/p><div class=\"intro-text center mt-4\"><p>A partir de 9\u00a0personnes, veuillez r\u00e9server par t\u00e9l\u00e9phone au <a href=\"tel:0043345328800\">+43 345328800<\/a><\/p><\/div>\t\t\t<\/div>\n\t\t<\/div>\n\t\t\n\t\t\t\t\t\t<\/div>\n\t\t\t\t<\/div>\n\t\t\t\t<div class=\"elementor-element elementor-element-7304f60 elementor-widget elementor-widget-loisium-separator\" data-id=\"7304f60\" data-element_type=\"widget\" data-widget_type=\"loisium-separator.default\">\n\t\t\t\t<div class=\"elementor-widget-container\">\n\t\t\t\t\t         <div class=\"container\">\n                  <div class=\"row\">\n                      <div class=\"col-md-12 my-5\">\n                      <\/div>\n                  <\/div>\n              <\/div>\n\t\t\t\t\t\t<\/div>\n\t\t\t\t<\/div>\n\t\t\t\t\t<\/div>\n\t\t<\/div>\n\t\t\t\t\t<\/div>\n\t\t<\/section>\n\t\t\t\t<section class=\"elementor-section elementor-top-section elementor-element elementor-element-d9bcb4f elementor-section-full_width elementor-section-height-default elementor-section-height-default\" data-id=\"d9bcb4f\" data-element_type=\"section\">\n\t\t\t\t\t\t<div class=\"elementor-container elementor-column-gap-default\">\n\t\t\t\t\t<div class=\"elementor-column elementor-col-100 elementor-top-column elementor-element elementor-element-e291d00\" data-id=\"e291d00\" data-element_type=\"column\">\n\t\t\t<div class=\"elementor-widget-wrap elementor-element-populated\">\n\t\t\t\t\t\t<div class=\"elementor-element elementor-element-88649e9 elementor-widget elementor-widget-html\" data-id=\"88649e9\" data-element_type=\"widget\" data-widget_type=\"html.default\">\n\t\t\t\t<div class=\"elementor-widget-container\">\n\t\t\t\t\t <div class=\"brlbs-cmpnt-container brlbs-cmpnt-content-blocker brlbs-cmpnt-with-individual-styles\" data-borlabs-cookie-content-blocker-id=\"default\" data-borlabs-cookie-content=\"PGlmcmFtZSBzcmM9J2h0dHBzOi8vYm9va2luZ3MuemVuY2hlZi5jb20vcmVzdWx0cz9yaWQ9MzU4MjE2JmZ1bGxzY3JlZW49MSZsYW5nPWZyJyBmcmFtZWJvcmRlcj0nMCcgc2Nyb2xsaW5nPSd5ZXMnIHdpZHRoPScxMDAlJyBoZWlnaHQ9Jzc1MCcgc3R5bGU9J2Rpc3BsYXk6IGJsb2NrOyBtYXJnaW46IDAgYXV0bzsgbWF4LXdpZHRoOiA2MDBweDsgaGVpZ2h0Ojc1MHB4Oyc+PC9pZnJhbWU+\"><div class=\"brlbs-cmpnt-cb-preset-a\"> <p class=\"brlbs-cmpnt-cb-description\">{ description }}<\/p> <div class=\"brlbs-cmpnt-cb-buttons\"> <a class=\"brlbs-cmpnt-cb-btn\" href=\"#\" data-borlabs-cookie-unblock role=\"button\">Modifier les param\u00e8tres des cookies maintenant<\/a> <\/div> <a class=\"brlbs-cmpnt-cb-provider-toggle\" href=\"#\" data-borlabs-cookie-show-provider-information role=\"button\">Plus d'informations<\/a>. <\/div><\/div>\t\t\t\t<\/div>\n\t\t\t\t<\/div>\n\t\t\t\t\t<\/div>\n\t\t<\/div>\n\t\t\t\t\t<\/div>\n\t\t<\/section>\n\t\t\t\t<\/div>\n\t\t","protected":false},"excerpt":{"rendered":"<p>R\u00e9servez une table RESTAURANT VINEYARD A partir de 9\u00a0personnes, veuillez r\u00e9server par t\u00e9l\u00e9phone au +43 345328800 { description }} Modifier les param\u00e8tres des cookies maintenant Plus d&rsquo;informations&#8230;.<\/p>\n","protected":false},"author":3,"featured_media":0,"parent":25722,"menu_order":0,"comment_status":"closed","ping_status":"closed","template":"elementor_header_footer","meta":{"_acf_changed":false,"footnotes":""},"class_list":["post-42290","page","type-page","status-publish","hentry"],"acf":[],"yoast_head":"<!-- This site is optimized with the Yoast SEO plugin v26.8 - https:\/\/yoast.com\/product\/yoast-seo-wordpress\/ -->\n<title>LOISIUM \/\/ R\u00e9servez une table<\/title>\n<meta name=\"description\" content=\"\u2771\u2771\u2771 Loisium \ud83c\udf47 R\u00e9servez une table \u279c Un voyage dans le bonheur du vin \u2713 Le design au service du bien-\u00eatre \u2713 \u279c RESERVEZ MAINTENANT\" \/>\n<meta name=\"robots\" content=\"noindex, follow\" \/>\n<meta property=\"og:locale\" content=\"fr_FR\" \/>\n<meta property=\"og:type\" content=\"article\" \/>\n<meta property=\"og:title\" content=\"LOISIUM \/\/ R\u00e9servez une table\" \/>\n<meta property=\"og:description\" content=\"\u2771\u2771\u2771 Loisium \ud83c\udf47 R\u00e9servez une table \u279c Un voyage dans le bonheur du vin \u2713 Le design au service du bien-\u00eatre \u2713 \u279c RESERVEZ MAINTENANT\" \/>\n<meta property=\"og:url\" content=\"https:\/\/www.loisium.com\/langenlois\/tischreservierung\/\" \/>\n<meta property=\"og:site_name\" content=\"LOISIUM\" \/>\n<meta property=\"article:publisher\" content=\"https:\/\/www.facebook.com\/loisium\" \/>\n<meta property=\"article:modified_time\" content=\"2025-10-21T06:36:08+00:00\" \/>\n<meta property=\"og:image\" content=\"https:\/\/www.loisium.com\/wp-content\/themes\/wp-stars-understrap\/assets\/gold-glasflasche.svg\" \/>\n<meta name=\"twitter:card\" content=\"summary_large_image\" \/>\n<meta name=\"twitter:label1\" content=\"Dur\u00e9e de lecture estim\u00e9e\" \/>\n\t<meta name=\"twitter:data1\" content=\"1 minute\" \/>\n<script type=\"application\/ld+json\" class=\"yoast-schema-graph\">{\"@context\":\"https:\/\/schema.org\",\"@graph\":[{\"@type\":\"WebPage\",\"@id\":\"https:\/\/www.loisium.com\/langenlois\/tischreservierung\/\",\"url\":\"https:\/\/www.loisium.com\/langenlois\/tischreservierung\/\",\"name\":\"LOISIUM \/\/ R\u00e9servez une table\",\"isPartOf\":{\"@id\":\"https:\/\/www.loisium.com\/#website\"},\"primaryImageOfPage\":{\"@id\":\"https:\/\/www.loisium.com\/langenlois\/tischreservierung\/#primaryimage\"},\"image\":{\"@id\":\"https:\/\/www.loisium.com\/langenlois\/tischreservierung\/#primaryimage\"},\"thumbnailUrl\":\"https:\/\/www.loisium.com\/wp-content\/themes\/wp-stars-understrap\/assets\/gold-glasflasche.svg\",\"datePublished\":\"2023-02-06T11:43:54+00:00\",\"dateModified\":\"2025-10-21T06:36:08+00:00\",\"description\":\"\u2771\u2771\u2771 Loisium \ud83c\udf47 R\u00e9servez une table \u279c Un voyage dans le bonheur du vin \u2713 Le design au service du bien-\u00eatre \u2713 \u279c RESERVEZ MAINTENANT\",\"breadcrumb\":{\"@id\":\"https:\/\/www.loisium.com\/langenlois\/tischreservierung\/#breadcrumb\"},\"inLanguage\":\"fr-FR\",\"potentialAction\":[{\"@type\":\"ReadAction\",\"target\":[\"https:\/\/www.loisium.com\/langenlois\/tischreservierung\/\"]}]},{\"@type\":\"ImageObject\",\"inLanguage\":\"fr-FR\",\"@id\":\"https:\/\/www.loisium.com\/langenlois\/tischreservierung\/#primaryimage\",\"url\":\"https:\/\/www.loisium.com\/wp-content\/themes\/wp-stars-understrap\/assets\/gold-glasflasche.svg\",\"contentUrl\":\"https:\/\/www.loisium.com\/wp-content\/themes\/wp-stars-understrap\/assets\/gold-glasflasche.svg\"},{\"@type\":\"BreadcrumbList\",\"@id\":\"https:\/\/www.loisium.com\/langenlois\/tischreservierung\/#breadcrumb\",\"itemListElement\":[{\"@type\":\"ListItem\",\"position\":1,\"name\":\"Startseite\",\"item\":\"https:\/\/www.loisium.com\/fr\/\"},{\"@type\":\"ListItem\",\"position\":2,\"name\":\"LOISIUM Langenlois\",\"item\":\"https:\/\/www.loisium.com\/langenlois\/\"},{\"@type\":\"ListItem\",\"position\":3,\"name\":\"R\u00e9servez une table\"}]},{\"@type\":\"WebSite\",\"@id\":\"https:\/\/www.loisium.com\/#website\",\"url\":\"https:\/\/www.loisium.com\/\",\"name\":\"LOISIUM\",\"description\":\"\",\"publisher\":{\"@id\":\"https:\/\/www.loisium.com\/#organization\"},\"potentialAction\":[{\"@type\":\"SearchAction\",\"target\":{\"@type\":\"EntryPoint\",\"urlTemplate\":\"https:\/\/www.loisium.com\/?s={search_term_string}\"},\"query-input\":{\"@type\":\"PropertyValueSpecification\",\"valueRequired\":true,\"valueName\":\"search_term_string\"}}],\"inLanguage\":\"fr-FR\"},{\"@type\":\"Organization\",\"@id\":\"https:\/\/www.loisium.com\/#organization\",\"name\":\"Loisium \/ wine.design.spa\",\"url\":\"https:\/\/www.loisium.com\/\",\"logo\":{\"@type\":\"ImageObject\",\"inLanguage\":\"fr-FR\",\"@id\":\"https:\/\/www.loisium.com\/#\/schema\/logo\/image\/\",\"url\":\"https:\/\/www.loisium.com\/wp-content\/uploads\/2022\/05\/logo.jpg\",\"contentUrl\":\"https:\/\/www.loisium.com\/wp-content\/uploads\/2022\/05\/logo.jpg\",\"width\":335,\"height\":190,\"caption\":\"Loisium \/ wine.design.spa\"},\"image\":{\"@id\":\"https:\/\/www.loisium.com\/#\/schema\/logo\/image\/\"},\"sameAs\":[\"https:\/\/www.facebook.com\/loisium\"]}]}<\/script>\n<!-- \/ Yoast SEO plugin. -->","yoast_head_json":{"title":"LOISIUM \/\/ R\u00e9servez une table","description":"\u2771\u2771\u2771 Loisium \ud83c\udf47 R\u00e9servez une table \u279c Un voyage dans le bonheur du vin \u2713 Le design au service du bien-\u00eatre \u2713 \u279c RESERVEZ MAINTENANT","robots":{"index":"noindex","follow":"follow"},"og_locale":"fr_FR","og_type":"article","og_title":"LOISIUM \/\/ R\u00e9servez une table","og_description":"\u2771\u2771\u2771 Loisium \ud83c\udf47 R\u00e9servez une table \u279c Un voyage dans le bonheur du vin \u2713 Le design au service du bien-\u00eatre \u2713 \u279c RESERVEZ MAINTENANT","og_url":"https:\/\/www.loisium.com\/langenlois\/tischreservierung\/","og_site_name":"LOISIUM","article_publisher":"https:\/\/www.facebook.com\/loisium","article_modified_time":"2025-10-21T06:36:08+00:00","og_image":[{"url":"https:\/\/www.loisium.com\/wp-content\/themes\/wp-stars-understrap\/assets\/gold-glasflasche.svg","type":"","width":"","height":""}],"twitter_card":"summary_large_image","twitter_misc":{"Dur\u00e9e de lecture estim\u00e9e":"1 minute"},"schema":{"@context":"https:\/\/schema.org","@graph":[{"@type":"WebPage","@id":"https:\/\/www.loisium.com\/langenlois\/tischreservierung\/","url":"https:\/\/www.loisium.com\/langenlois\/tischreservierung\/","name":"LOISIUM \/\/ R\u00e9servez une table","isPartOf":{"@id":"https:\/\/www.loisium.com\/#website"},"primaryImageOfPage":{"@id":"https:\/\/www.loisium.com\/langenlois\/tischreservierung\/#primaryimage"},"image":{"@id":"https:\/\/www.loisium.com\/langenlois\/tischreservierung\/#primaryimage"},"thumbnailUrl":"https:\/\/www.loisium.com\/wp-content\/themes\/wp-stars-understrap\/assets\/gold-glasflasche.svg","datePublished":"2023-02-06T11:43:54+00:00","dateModified":"2025-10-21T06:36:08+00:00","description":"\u2771\u2771\u2771 Loisium \ud83c\udf47 R\u00e9servez une table \u279c Un voyage dans le bonheur du vin \u2713 Le design au service du bien-\u00eatre \u2713 \u279c RESERVEZ MAINTENANT","breadcrumb":{"@id":"https:\/\/www.loisium.com\/langenlois\/tischreservierung\/#breadcrumb"},"inLanguage":"fr-FR","potentialAction":[{"@type":"ReadAction","target":["https:\/\/www.loisium.com\/langenlois\/tischreservierung\/"]}]},{"@type":"ImageObject","inLanguage":"fr-FR","@id":"https:\/\/www.loisium.com\/langenlois\/tischreservierung\/#primaryimage","url":"https:\/\/www.loisium.com\/wp-content\/themes\/wp-stars-understrap\/assets\/gold-glasflasche.svg","contentUrl":"https:\/\/www.loisium.com\/wp-content\/themes\/wp-stars-understrap\/assets\/gold-glasflasche.svg"},{"@type":"BreadcrumbList","@id":"https:\/\/www.loisium.com\/langenlois\/tischreservierung\/#breadcrumb","itemListElement":[{"@type":"ListItem","position":1,"name":"Startseite","item":"https:\/\/www.loisium.com\/fr\/"},{"@type":"ListItem","position":2,"name":"LOISIUM Langenlois","item":"https:\/\/www.loisium.com\/langenlois\/"},{"@type":"ListItem","position":3,"name":"R\u00e9servez une table"}]},{"@type":"WebSite","@id":"https:\/\/www.loisium.com\/#website","url":"https:\/\/www.loisium.com\/","name":"LOISIUM","description":"","publisher":{"@id":"https:\/\/www.loisium.com\/#organization"},"potentialAction":[{"@type":"SearchAction","target":{"@type":"EntryPoint","urlTemplate":"https:\/\/www.loisium.com\/?s={search_term_string}"},"query-input":{"@type":"PropertyValueSpecification","valueRequired":true,"valueName":"search_term_string"}}],"inLanguage":"fr-FR"},{"@type":"Organization","@id":"https:\/\/www.loisium.com\/#organization","name":"Loisium \/ wine.design.spa","url":"https:\/\/www.loisium.com\/","logo":{"@type":"ImageObject","inLanguage":"fr-FR","@id":"https:\/\/www.loisium.com\/#\/schema\/logo\/image\/","url":"https:\/\/www.loisium.com\/wp-content\/uploads\/2022\/05\/logo.jpg","contentUrl":"https:\/\/www.loisium.com\/wp-content\/uploads\/2022\/05\/logo.jpg","width":335,"height":190,"caption":"Loisium \/ wine.design.spa"},"image":{"@id":"https:\/\/www.loisium.com\/#\/schema\/logo\/image\/"},"sameAs":["https:\/\/www.facebook.com\/loisium"]}]}},"_links":{"self":[{"href":"https:\/\/www.loisium.com\/fr\/wp-json\/wp\/v2\/pages\/42290","targetHints":{"allow":["GET"]}}],"collection":[{"href":"https:\/\/www.loisium.com\/fr\/wp-json\/wp\/v2\/pages"}],"about":[{"href":"https:\/\/www.loisium.com\/fr\/wp-json\/wp\/v2\/types\/page"}],"author":[{"embeddable":true,"href":"https:\/\/www.loisium.com\/fr\/wp-json\/wp\/v2\/users\/3"}],"replies":[{"embeddable":true,"href":"https:\/\/www.loisium.com\/fr\/wp-json\/wp\/v2\/comments?post=42290"}],"version-history":[{"count":16,"href":"https:\/\/www.loisium.com\/fr\/wp-json\/wp\/v2\/pages\/42290\/revisions"}],"predecessor-version":[{"id":70539,"href":"https:\/\/www.loisium.com\/fr\/wp-json\/wp\/v2\/pages\/42290\/revisions\/70539"}],"up":[{"embeddable":true,"href":"https:\/\/www.loisium.com\/fr\/wp-json\/wp\/v2\/pages\/25722"}],"wp:attachment":[{"href":"https:\/\/www.loisium.com\/fr\/wp-json\/wp\/v2\/media?parent=42290"}],"curies":[{"name":"wp","href":"https:\/\/api.w.org\/{rel}","templated":true}]}}