{"id":22179,"date":"2022-01-24T11:48:29","date_gmt":"2022-01-24T10:48:29","guid":{"rendered":"https:\/\/loisium-dev.tq855nap.at.edis.global\/histoires\/"},"modified":"2024-12-14T23:15:59","modified_gmt":"2024-12-14T22:15:59","slug":"stories","status":"publish","type":"page","link":"https:\/\/www.loisium.com\/en\/stories\/","title":{"rendered":"LOISIUM stories"},"content":{"rendered":"\t\t<div data-elementor-type=\"wp-page\" data-elementor-id=\"22179\" class=\"elementor elementor-22179 elementor-668\" data-elementor-post-type=\"page\">\n\t\t\t\t\t\t<section class=\"elementor-section elementor-top-section elementor-element elementor-element-3352c9a elementor-section-full_width elementor-section-height-default elementor-section-height-default\" data-id=\"3352c9a\" data-element_type=\"section\">\n\t\t\t\t\t\t<div class=\"elementor-container elementor-column-gap-default\">\n\t\t\t\t\t<div class=\"elementor-column elementor-col-100 elementor-top-column elementor-element elementor-element-b0d0b1e\" data-id=\"b0d0b1e\" data-element_type=\"column\">\n\t\t\t<div class=\"elementor-widget-wrap elementor-element-populated\">\n\t\t\t\t\t\t<div class=\"elementor-element elementor-element-cabf209 elementor-widget elementor-widget-loisium-jumbotron\" data-id=\"cabf209\" data-element_type=\"widget\" data-widget_type=\"loisium-jumbotron.default\">\n\t\t\t\t<div class=\"elementor-widget-container\">\n\t\t\t\t\t\t\t\t<div class=\"jumbotron jumbotron-fluid hotel-jumbotron d-flex align-items-center mb-0  \" \n\t\t\t\tstyle=\"background-image: url('https:\/\/www.loisium.com\/wp-content\/uploads\/2022\/06\/weinwelt-museum-3595.jpg');\" >\n\n\t\t\t\t<div class=\"container narrower mx-auto text-center text-white\">\n\t\t\t\t\t<h1 class=\"urw-xxl text-break text-uppercase no-internal-link\">LOISIUM Stories<\/h1>\n\t\t\t\t\t \n\t\t\t\t\t\t\t\t\t\t\t<p class=\"urw-sm text-uppercase no-internal-link\">Stories from the vineyard<\/p>\n\t\t\t\t\t \n\t\t\t\t\t \n\t\t\t\t<\/div>\n\t\t\t<\/div>\n\t\t\t\t\t\t<\/div>\n\t\t\t\t<\/div>\n\t\t\t\t\t<\/div>\n\t\t<\/div>\n\t\t\t\t\t<\/div>\n\t\t<\/section>\n\t\t\t\t<section class=\"elementor-section elementor-top-section elementor-element elementor-element-709be40 elementor-section-boxed elementor-section-height-default elementor-section-height-default\" data-id=\"709be40\" data-element_type=\"section\">\n\t\t\t\t\t\t<div class=\"elementor-container elementor-column-gap-default\">\n\t\t\t\t\t<div class=\"elementor-column elementor-col-100 elementor-top-column elementor-element elementor-element-edd141a\" data-id=\"edd141a\" data-element_type=\"column\">\n\t\t\t<div class=\"elementor-widget-wrap elementor-element-populated\">\n\t\t\t\t\t\t<div class=\"elementor-element elementor-element-90d5120 elementor-widget elementor-widget-loisium-separator\" data-id=\"90d5120\" data-element_type=\"widget\" data-widget_type=\"loisium-separator.default\">\n\t\t\t\t<div class=\"elementor-widget-container\">\n\t\t\t\t\t         <div class=\"container\">\n                  <div class=\"row\">\n                      <div class=\"col-md-12 my-5\">\n                      <\/div>\n                  <\/div>\n              <\/div>\n\t\t\t\t\t\t<\/div>\n\t\t\t\t<\/div>\n\t\t\t\t<div class=\"elementor-element elementor-element-6d4b817 elementor-widget elementor-widget-headline-introtext\" data-id=\"6d4b817\" data-element_type=\"widget\" data-widget_type=\"headline-introtext.default\">\n\t\t\t\t<div class=\"elementor-widget-container\">\n\t\t\t\t\t\n\t\t<div id=\"intro-70744\" class=\"container headline-introtext-widget py-3 my-4\" >\n\t\t\t<div class=\"row flex-column narrower-2 mx-auto\">\t\n\t\t\t\t<p class=\"pre_header center urw-xxs text-uppercase\">LOISIUM Stories<\/p><h2 class=\"urw-xl center md-5 mx-auto text-uppercase\">Wine, Design, Spa, Lifestyle<\/h2><p class=\"title-bottom center playful-lg w-md-75 mx-auto text-uppercase\">Immerse yourself<br \/>into our world!<\/p>\t\t\t<\/div>\n\t\t<\/div>\n\t\t\n\t\t\t\t\t\t<\/div>\n\t\t\t\t<\/div>\n\t\t\t\t<div class=\"elementor-element elementor-element-e41d2ef elementor-widget elementor-widget-loisium-blog-grid\" data-id=\"e41d2ef\" data-element_type=\"widget\" data-widget_type=\"loisium-blog-grid.default\">\n\t\t\t\t<div class=\"elementor-widget-container\">\n\t\t\t\t\t        <div id=\"blogpreview-55937\"\n             class=\"loisium-blog-grid\" >\n            <div class=\"container\">\n                <div class=\"row narrower mx-auto\">\n                                        <div class=\"col-md-12 mt-3\">\n                                            <\/div>\n                <\/div>\n            <\/div>\n        <\/div>\n        \t\t\t\t<\/div>\n\t\t\t\t<\/div>\n\t\t\t\t\t<\/div>\n\t\t<\/div>\n\t\t\t\t\t<\/div>\n\t\t<\/section>\n\t\t\t\t<section class=\"elementor-section elementor-top-section elementor-element elementor-element-e85f7bf elementor-section-boxed elementor-section-height-default elementor-section-height-default\" data-id=\"e85f7bf\" data-element_type=\"section\">\n\t\t\t\t\t\t<div class=\"elementor-container elementor-column-gap-default\">\n\t\t\t\t\t<div class=\"elementor-column elementor-col-100 elementor-top-column elementor-element elementor-element-3bbcbf5\" data-id=\"3bbcbf5\" data-element_type=\"column\">\n\t\t\t<div class=\"elementor-widget-wrap elementor-element-populated\">\n\t\t\t\t\t\t<div class=\"elementor-element elementor-element-05be15a elementor-widget elementor-widget-loisium-separator\" data-id=\"05be15a\" data-element_type=\"widget\" data-widget_type=\"loisium-separator.default\">\n\t\t\t\t<div class=\"elementor-widget-container\">\n\t\t\t\t\t         <div class=\"container\">\n                  <div class=\"row\">\n                      <div class=\"col-md-12 my-5\">\n                      <\/div>\n                  <\/div>\n              <\/div>\n\t\t\t\t\t\t<\/div>\n\t\t\t\t<\/div>\n\t\t\t\t\t<\/div>\n\t\t<\/div>\n\t\t\t\t\t<\/div>\n\t\t<\/section>\n\t\t\t\t<section class=\"elementor-section elementor-top-section elementor-element elementor-element-4c9d922 elementor-section-full_width elementor-section-height-default elementor-section-height-default\" data-id=\"4c9d922\" data-element_type=\"section\">\n\t\t\t\t\t\t<div class=\"elementor-container elementor-column-gap-default\">\n\t\t\t\t\t<div class=\"elementor-column elementor-col-100 elementor-top-column elementor-element elementor-element-f627815\" data-id=\"f627815\" data-element_type=\"column\">\n\t\t\t<div class=\"elementor-widget-wrap elementor-element-populated\">\n\t\t\t\t\t\t<div class=\"elementor-element elementor-element-61bd29b elementor-widget elementor-widget-custom-split-text-widget\" data-id=\"61bd29b\" data-element_type=\"widget\" data-widget_type=\"custom-split-text-widget.default\">\n\t\t\t\t<div class=\"elementor-widget-container\">\n\t\t\t\t\t\n\t\t<div id=\"ti-89628\" class=\"w-100 loisium-custom-split-text py-5 bg-light\" >\n\t\t\t<div class=\"container\">\n\t\t\t\t<div class=\"row py-4 flex-column-reverse flex-md-row justify-content-center narrower-2 mx-auto justify-content-center\">\n\t\t\t\t\t<div class=\"col-12 col-md-6 col-left\">\n\t\t\t\t\t\t<div class=\"h-100 text-content p-2>\">\n\t\t\t\t\t\t\t<h2 class=\"text-uppercase urw-lg\" >LOISIUM Magazine<\/h2>\n\t\t\t\t\t\t\t<div class=\"playful-sm mb-3 text-uppercase\"><p>In a Nutshell: Paradise for Wine Lovers<\/p><\/div>\n\t\t\t\t\t\t\t<div class=\"urw-light py-2\"><p>Turn the pages and you're up-to-date. Our LOISIUM magazine is the annual highlight in early summer and is a real jewel box for good wines, beautiful landscapes, exciting insights and a story or two. All important dates &amp; events are also on board!<\/p><\/div>\n\t\t\t\t\t\t\t\t\t\t\t\t\t<\/div>\n\t\t\t\t\t<\/div>\n\t\t\t\t\t<div class=\"col-12 col-md-6 hochformat col-right d-flex align-content-center mb-4 mb-md-0 flex-wrap\">\n\t\t\t\t\t\t<img fetchpriority=\"high\" decoding=\"async\" width=\"500\" height=\"650\" src=\"https:\/\/www.loisium.com\/wp-content\/uploads\/2023\/05\/LOISIUM-Magazin-2023.jpg\" class=\"align-middle\" alt=\"cover Loisium Magazine 2023\" srcset=\"https:\/\/www.loisium.com\/wp-content\/uploads\/2023\/05\/LOISIUM-Magazin-2023.jpg 500w, https:\/\/www.loisium.com\/wp-content\/uploads\/2023\/05\/LOISIUM-Magazin-2023-385x500.jpg 385w, https:\/\/www.loisium.com\/wp-content\/uploads\/2023\/05\/LOISIUM-Magazin-2023-431x560.jpg 431w, https:\/\/www.loisium.com\/wp-content\/uploads\/2023\/05\/LOISIUM-Magazin-2023-223x290.jpg 223w\" sizes=\"(max-width: 500px) 100vw, 500px\" \/>\t\t\t\t\t<\/div>\n\t\t\t\t<\/div>\n\t\t\t<\/div>\n\t\t<\/div>\n\n\t\t\n\t\t\t\t\t\t<\/div>\n\t\t\t\t<\/div>\n\t\t\t\t\t<\/div>\n\t\t<\/div>\n\t\t\t\t\t<\/div>\n\t\t<\/section>\n\t\t\t\t<\/div>\n\t\t","protected":false},"excerpt":{"rendered":"<p>LOISIUM Stories Stories from the vineyard LOISIUM Stories Wine, Design, Spa, Lifestyle Immerse yourselfinto our world! Invest in our future Wir freuen uns, Ihnen mitteilen zu d\u00fcrfen, dass wir vor kurzem eine Crowdinvesting-Aktion \u00fcber die Plattform CONDA Capital Market gestartet haben! Diese besondere Gelegenheit bietet Ihnen die M\u00f6glichkeit, direkt in die LOISIUM-Welt zu investieren und&#8230;<\/p>\n","protected":false},"author":1,"featured_media":0,"parent":0,"menu_order":0,"comment_status":"closed","ping_status":"closed","template":"elementor_header_footer","meta":{"_acf_changed":false,"footnotes":""},"class_list":["post-22179","page","type-page","status-publish","hentry"],"acf":[],"yoast_head":"<!-- This site is optimized with the Yoast SEO plugin v26.8 - https:\/\/yoast.com\/product\/yoast-seo-wordpress\/ -->\n<title>LOISIUM \/\/ LOISIUM stories<\/title>\n<meta name=\"description\" content=\"\u2771\u2771\u2771 Loisium \ud83c\udf47 LOISIUM stories \u279c A journey into wine bliss \u2713 Designed to feel good \u2713 \u279c BOOK NOW\" \/>\n<meta name=\"robots\" content=\"index, follow, max-snippet:-1, max-image-preview:large, max-video-preview:-1\" \/>\n<link rel=\"canonical\" href=\"https:\/\/www.loisium.com\/en\/stories\/\" \/>\n<meta property=\"og:locale\" content=\"en_US\" \/>\n<meta property=\"og:type\" content=\"article\" \/>\n<meta property=\"og:title\" content=\"LOISIUM \/\/ LOISIUM stories\" \/>\n<meta property=\"og:description\" content=\"\u2771\u2771\u2771 Loisium \ud83c\udf47 LOISIUM stories \u279c A journey into wine bliss \u2713 Designed to feel good \u2713 \u279c BOOK NOW\" \/>\n<meta property=\"og:url\" content=\"https:\/\/www.loisium.com\/en\/stories\/\" \/>\n<meta property=\"og:site_name\" content=\"LOISIUM\" \/>\n<meta property=\"article:publisher\" content=\"https:\/\/www.facebook.com\/loisium\" \/>\n<meta property=\"article:modified_time\" content=\"2024-12-14T22:15:59+00:00\" \/>\n<meta property=\"og:image\" content=\"https:\/\/www.loisium.com\/wp-content\/themes\/wp-stars-understrap\/assets\/gold-accordion.svg\" \/>\n<meta name=\"twitter:card\" content=\"summary_large_image\" \/>\n<meta name=\"twitter:label1\" content=\"Est. reading time\" \/>\n\t<meta name=\"twitter:data1\" content=\"2 minutes\" \/>\n<script type=\"application\/ld+json\" class=\"yoast-schema-graph\">{\"@context\":\"https:\/\/schema.org\",\"@graph\":[{\"@type\":\"WebPage\",\"@id\":\"https:\/\/www.loisium.com\/en\/stories\/\",\"url\":\"https:\/\/www.loisium.com\/en\/stories\/\",\"name\":\"LOISIUM \/\/ LOISIUM stories\",\"isPartOf\":{\"@id\":\"https:\/\/www.loisium.com\/en\/#website\"},\"primaryImageOfPage\":{\"@id\":\"https:\/\/www.loisium.com\/en\/stories\/#primaryimage\"},\"image\":{\"@id\":\"https:\/\/www.loisium.com\/en\/stories\/#primaryimage\"},\"thumbnailUrl\":\"https:\/\/www.loisium.com\/wp-content\/themes\/wp-stars-understrap\/assets\/gold-accordion.svg\",\"datePublished\":\"2022-01-24T10:48:29+00:00\",\"dateModified\":\"2024-12-14T22:15:59+00:00\",\"description\":\"\u2771\u2771\u2771 Loisium \ud83c\udf47 LOISIUM stories \u279c A journey into wine bliss \u2713 Designed to feel good \u2713 \u279c BOOK NOW\",\"breadcrumb\":{\"@id\":\"https:\/\/www.loisium.com\/en\/stories\/#breadcrumb\"},\"inLanguage\":\"en-US\",\"potentialAction\":[{\"@type\":\"ReadAction\",\"target\":[\"https:\/\/www.loisium.com\/en\/stories\/\"]}]},{\"@type\":\"ImageObject\",\"inLanguage\":\"en-US\",\"@id\":\"https:\/\/www.loisium.com\/en\/stories\/#primaryimage\",\"url\":\"https:\/\/www.loisium.com\/wp-content\/themes\/wp-stars-understrap\/assets\/gold-accordion.svg\",\"contentUrl\":\"https:\/\/www.loisium.com\/wp-content\/themes\/wp-stars-understrap\/assets\/gold-accordion.svg\"},{\"@type\":\"BreadcrumbList\",\"@id\":\"https:\/\/www.loisium.com\/en\/stories\/#breadcrumb\",\"itemListElement\":[{\"@type\":\"ListItem\",\"position\":1,\"name\":\"Startseite\",\"item\":\"https:\/\/www.loisium.com\/en\/\"},{\"@type\":\"ListItem\",\"position\":2,\"name\":\"LOISIUM stories\"}]},{\"@type\":\"WebSite\",\"@id\":\"https:\/\/www.loisium.com\/en\/#website\",\"url\":\"https:\/\/www.loisium.com\/en\/\",\"name\":\"LOISIUM\",\"description\":\"Eine weitere WordPress-Website\",\"publisher\":{\"@id\":\"https:\/\/www.loisium.com\/en\/#organization\"},\"potentialAction\":[{\"@type\":\"SearchAction\",\"target\":{\"@type\":\"EntryPoint\",\"urlTemplate\":\"https:\/\/www.loisium.com\/en\/?s={search_term_string}\"},\"query-input\":{\"@type\":\"PropertyValueSpecification\",\"valueRequired\":true,\"valueName\":\"search_term_string\"}}],\"inLanguage\":\"en-US\"},{\"@type\":\"Organization\",\"@id\":\"https:\/\/www.loisium.com\/en\/#organization\",\"name\":\"Loisium \/ wine.design.spa\",\"url\":\"https:\/\/www.loisium.com\/en\/\",\"logo\":{\"@type\":\"ImageObject\",\"inLanguage\":\"en-US\",\"@id\":\"https:\/\/www.loisium.com\/en\/#\/schema\/logo\/image\/\",\"url\":\"https:\/\/www.loisium.com\/wp-content\/uploads\/2022\/05\/logo.jpg\",\"contentUrl\":\"https:\/\/www.loisium.com\/wp-content\/uploads\/2022\/05\/logo.jpg\",\"width\":335,\"height\":190,\"caption\":\"Loisium \/ wine.design.spa\"},\"image\":{\"@id\":\"https:\/\/www.loisium.com\/en\/#\/schema\/logo\/image\/\"},\"sameAs\":[\"https:\/\/www.facebook.com\/loisium\"]}]}<\/script>\n<!-- \/ Yoast SEO plugin. -->","yoast_head_json":{"title":"LOISIUM \/\/ LOISIUM stories","description":"\u2771\u2771\u2771 Loisium \ud83c\udf47 LOISIUM stories \u279c A journey into wine bliss \u2713 Designed to feel good \u2713 \u279c BOOK NOW","robots":{"index":"index","follow":"follow","max-snippet":"max-snippet:-1","max-image-preview":"max-image-preview:large","max-video-preview":"max-video-preview:-1"},"canonical":"https:\/\/www.loisium.com\/en\/stories\/","og_locale":"en_US","og_type":"article","og_title":"LOISIUM \/\/ LOISIUM stories","og_description":"\u2771\u2771\u2771 Loisium \ud83c\udf47 LOISIUM stories \u279c A journey into wine bliss \u2713 Designed to feel good \u2713 \u279c BOOK NOW","og_url":"https:\/\/www.loisium.com\/en\/stories\/","og_site_name":"LOISIUM","article_publisher":"https:\/\/www.facebook.com\/loisium","article_modified_time":"2024-12-14T22:15:59+00:00","og_image":[{"url":"https:\/\/www.loisium.com\/wp-content\/themes\/wp-stars-understrap\/assets\/gold-accordion.svg","type":"","width":"","height":""}],"twitter_card":"summary_large_image","twitter_misc":{"Est. reading time":"2 minutes"},"schema":{"@context":"https:\/\/schema.org","@graph":[{"@type":"WebPage","@id":"https:\/\/www.loisium.com\/en\/stories\/","url":"https:\/\/www.loisium.com\/en\/stories\/","name":"LOISIUM \/\/ LOISIUM stories","isPartOf":{"@id":"https:\/\/www.loisium.com\/en\/#website"},"primaryImageOfPage":{"@id":"https:\/\/www.loisium.com\/en\/stories\/#primaryimage"},"image":{"@id":"https:\/\/www.loisium.com\/en\/stories\/#primaryimage"},"thumbnailUrl":"https:\/\/www.loisium.com\/wp-content\/themes\/wp-stars-understrap\/assets\/gold-accordion.svg","datePublished":"2022-01-24T10:48:29+00:00","dateModified":"2024-12-14T22:15:59+00:00","description":"\u2771\u2771\u2771 Loisium \ud83c\udf47 LOISIUM stories \u279c A journey into wine bliss \u2713 Designed to feel good \u2713 \u279c BOOK NOW","breadcrumb":{"@id":"https:\/\/www.loisium.com\/en\/stories\/#breadcrumb"},"inLanguage":"en-US","potentialAction":[{"@type":"ReadAction","target":["https:\/\/www.loisium.com\/en\/stories\/"]}]},{"@type":"ImageObject","inLanguage":"en-US","@id":"https:\/\/www.loisium.com\/en\/stories\/#primaryimage","url":"https:\/\/www.loisium.com\/wp-content\/themes\/wp-stars-understrap\/assets\/gold-accordion.svg","contentUrl":"https:\/\/www.loisium.com\/wp-content\/themes\/wp-stars-understrap\/assets\/gold-accordion.svg"},{"@type":"BreadcrumbList","@id":"https:\/\/www.loisium.com\/en\/stories\/#breadcrumb","itemListElement":[{"@type":"ListItem","position":1,"name":"Startseite","item":"https:\/\/www.loisium.com\/en\/"},{"@type":"ListItem","position":2,"name":"LOISIUM stories"}]},{"@type":"WebSite","@id":"https:\/\/www.loisium.com\/en\/#website","url":"https:\/\/www.loisium.com\/en\/","name":"LOISIUM","description":"Eine weitere WordPress-Website","publisher":{"@id":"https:\/\/www.loisium.com\/en\/#organization"},"potentialAction":[{"@type":"SearchAction","target":{"@type":"EntryPoint","urlTemplate":"https:\/\/www.loisium.com\/en\/?s={search_term_string}"},"query-input":{"@type":"PropertyValueSpecification","valueRequired":true,"valueName":"search_term_string"}}],"inLanguage":"en-US"},{"@type":"Organization","@id":"https:\/\/www.loisium.com\/en\/#organization","name":"Loisium \/ wine.design.spa","url":"https:\/\/www.loisium.com\/en\/","logo":{"@type":"ImageObject","inLanguage":"en-US","@id":"https:\/\/www.loisium.com\/en\/#\/schema\/logo\/image\/","url":"https:\/\/www.loisium.com\/wp-content\/uploads\/2022\/05\/logo.jpg","contentUrl":"https:\/\/www.loisium.com\/wp-content\/uploads\/2022\/05\/logo.jpg","width":335,"height":190,"caption":"Loisium \/ wine.design.spa"},"image":{"@id":"https:\/\/www.loisium.com\/en\/#\/schema\/logo\/image\/"},"sameAs":["https:\/\/www.facebook.com\/loisium"]}]}},"_links":{"self":[{"href":"https:\/\/www.loisium.com\/en\/wp-json\/wp\/v2\/pages\/22179","targetHints":{"allow":["GET"]}}],"collection":[{"href":"https:\/\/www.loisium.com\/en\/wp-json\/wp\/v2\/pages"}],"about":[{"href":"https:\/\/www.loisium.com\/en\/wp-json\/wp\/v2\/types\/page"}],"author":[{"embeddable":true,"href":"https:\/\/www.loisium.com\/en\/wp-json\/wp\/v2\/users\/1"}],"replies":[{"embeddable":true,"href":"https:\/\/www.loisium.com\/en\/wp-json\/wp\/v2\/comments?post=22179"}],"version-history":[{"count":44,"href":"https:\/\/www.loisium.com\/en\/wp-json\/wp\/v2\/pages\/22179\/revisions"}],"predecessor-version":[{"id":62936,"href":"https:\/\/www.loisium.com\/en\/wp-json\/wp\/v2\/pages\/22179\/revisions\/62936"}],"wp:attachment":[{"href":"https:\/\/www.loisium.com\/en\/wp-json\/wp\/v2\/media?parent=22179"}],"curies":[{"name":"wp","href":"https:\/\/api.w.org\/{rel}","templated":true}]}}